{"id":68,"date":"2020-11-08T11:16:03","date_gmt":"2020-11-08T10:16:03","guid":{"rendered":"https:\/\/handicap-optique.fr\/?page_id=68"},"modified":"2020-11-08T21:08:09","modified_gmt":"2020-11-08T20:08:09","slug":"accueil","status":"publish","type":"page","link":"https:\/\/handicap-optique.fr\/","title":{"rendered":"Accueil"},"content":{"rendered":"<div class=\"ttr_accueil_html_row0 row\" >\n<div class=\"post_column col-xl-4 col-lg-4 col-md-6 col-sm-12 col-xs-12 col-12\">\n<div class=\"ttr_accueil_html_column00\">\n<div class=\"margin_collapsetop\"><\/div>\n<div class=\"html_content\">\n<h2 style=\"margin:2px 0px 0px 0px;text-align:Center;line-height:0.7em;\"><span class=\"ttr_image\" style=\"float:none;display:block;overflow:hidden;margin:0px 0px 10px 0px;\"><span><a href=\"home.html\" target=\"_self\" rel=\"noopener noreferrer\"><img decoding=\"async\" class=\"ttr_uniform\" style=\"max-height:80px;max-width:80px;\" src=\"https:\/\/handicap-optique.fr\/wp-content\/uploads\/2020\/11\/110.png\" alt=\"Teacher\" \/><\/a><\/span><\/span><span style=\"font-weight:800;font-size:0.8em;color:rgba(255,86,119,1);\">Optom\u00e9triste<\/span><\/h2>\n<h2 style=\"margin:10px 0px 0px 0px;text-align:Center;line-height:0.93em;\"><span style=\"font-size:0.5em;color:rgba(78,78,78,1);\">Vous avez des difficult\u00e9s \u00e0 vous d\u00e9placer? Et vous souhaitez faire controler votre vue? Notre Optom\u00e9triste vient chez vous &amp; \u00e9tabli votre Dossier Visuel<\/span><\/h2>\n<\/div>\n<div class=\"margin_collapsetop\"><\/div>\n<div style=\"clear:both;width:0px;\"><\/div>\n<\/div>\n<\/div>\n<div class=\" visible-sm-block d-sm-block visible-xs-block d-block\" style=\"clear: both;width:0px;\"><\/div>\n<div class=\"post_column col-xl-4 col-lg-4 col-md-6 col-sm-12 col-xs-12 col-12\">\n<div class=\"ttr_accueil_html_column01\">\n<div class=\"margin_collapsetop\"><\/div>\n<div class=\"html_content\">\n<p style=\"margin:2px 0px 0px 0px;text-align:Center;line-height:1.49em;\"><span class=\"ttr_image\" style=\"float:none;display:block;overflow:hidden;margin:0px 0px 10px 0px;\"><span><img decoding=\"async\" class=\"ttr_uniform\" style=\"max-height:80px;max-width:80px;\" src=\"https:\/\/handicap-optique.fr\/wp-content\/uploads\/2020\/11\/111.png\" alt=\"Learning\" \/><\/span><\/span><span style=\"font-weight:800;font-size:1.714em;color:rgba(171,144,243,1);\">Opticien<\/span><\/p>\n<p style=\"margin:10px 0px 0px 0px;text-align:Center;line-height:1.99em;\"><span style=\"font-size:1.071em;color:rgba(78,78,78,1);\">Besoin de lunettes? Avec ou sans Ordonnance? Nous nous adaptons! Nous vous proposons plus 500 montures &amp; 1000 types de verres Fran\u00e7ais. (Essilor, etc&#8230;)<\/span><\/p>\n<\/div>\n<div class=\"margin_collapsetop\"><\/div>\n<div style=\"clear:both;width:0px;\"><\/div>\n<\/div>\n<\/div>\n<div class=\" visible-md-block d-md-block visible-sm-block d-sm-block visible-xs-block d-block\" style=\"clear: both;width:0px;\"><\/div>\n<div class=\"post_column col-xl-4 col-lg-4 col-md-6 col-sm-12 col-xs-12 col-12\">\n<div class=\"ttr_accueil_html_column02\">\n<div class=\"margin_collapsetop\"><\/div>\n<div class=\"html_content\">\n<p style=\"margin:2px 0px 0px 0px;text-align:Center;line-height:1.49em;\"><span class=\"ttr_image\" style=\"float:none;display:block;overflow:hidden;margin:0px 0px 0px 0px;\"><span><img decoding=\"async\" class=\"ttr_uniform\" style=\"max-height:80px;max-width:80px;margin:0px 0px 10px 0px;\" src=\"https:\/\/handicap-optique.fr\/wp-content\/uploads\/2020\/11\/vehicule.png\" alt=\"Music\" \/><\/span><\/span><span style=\"font-weight:800;font-size:1.714em;color:rgba(143,194,56,1);\">A Domicile<\/span><\/p>\n<p style=\"margin:10px 0px 0px 0px;text-align:Center;line-height:1.99em;\"><span style=\"font-size:1.071em;color:rgba(78,78,78,1);\">Un Professionnel de Sant\u00e9 vient \u00e0 votre Domicile, et s&rsquo;occupe de toutes les d\u00e9marches administratives n\u00e9cessaires selon votre cas &amp; situation. <\/span><\/p>\n<p style=\"text-align:Center;\"><span style=\"font-size:1.071em;color:rgba(78,78,78,1);\">Agr\u00e9\u00e9s par la S\u00e9curit\u00e9 Sociale &amp; Mutuelles depuis 2009<\/span><\/p>\n<p style=\"margin:10px 0px 0px 0px;text-align:Center;line-height:1.99em;\"><br style=\"font-size:1.071em;color:rgba(78,78,78,1);\" \/><\/p>\n<\/div>\n<div class=\"margin_collapsetop\"><\/div>\n<div style=\"clear:both;width:0px;\"><\/div>\n<\/div>\n<\/div>\n<div class=\" visible-lg-block d-xl-block d-lg-block visible-sm-block d-sm-block visible-xs-block d-block\" style=\"clear: both;width:0px;\"><\/div>\n<\/div>\n<div class=\"ttr_accueil_html_row1 row\" >\n<div class=\"post_column col-xl-6 col-lg-6 col-md-12 col-sm-12 col-xs-12 col-12\">\n<div class=\"ttr_accueil_html_column10\">\n<div class=\"margin_collapsetop\"><\/div>\n<div class=\"html_content\">\n<h2 style=\"margin:2px 0px 0px 0px;line-height:0.7em;\"><span style=\"font-weight:700;font-size:1.2em;color:rgba(52,52,52,1);\">Covid-19<\/span><\/h2>\n<p style=\"margin:10px 0px 5px 0px;\"><span style=\"font-weight:600;font-size:1.286em;color:rgba(234,75,59,1);\">Nos professionnels de Sant\u00e9 respectent les Normes Sanitaires Fran\u00e7aises Anti-Covid-19<\/span><\/p>\n<h2 style=\"margin:20px 0px 0px 0px;line-height:1.03em;\"><span style=\"font-size:0.5em;color:rgba(78,78,78,1);\">Certains d&rsquo;entre vous sont malheureusement, par rapport \u00e0 leurs possibilit\u00e9s physiques, class\u00e9s dans les cat\u00e9gories de personnes dites \u00e0 risque, face au Covid-19. Pour cette raison, mais aussi par respect envers chacun de nos patients, toute notre \u00e9quipe est munie de l&rsquo;\u00e9quipement n\u00e9cessaire \u00e0 votre s\u00e9curit\u00e9, mais aussi en accord avec les nouvelles exigences Sanitaires Fran\u00e7aises contre le <\/span><span style=\"font-size:0.5em;color:rgba(78,78,78,1);\">COVID-19<\/span><span style=\"font-size:0.5em;color:rgba(78,78,78,1);\">. Nous <\/span><span style=\"font-size:0.5em;color:rgba(78,78,78,1);\">nous assurons que tout notre \u00e9quipement <\/span><span style=\"font-size:0.5em;color:rgba(78,78,78,1);\">soit<\/span><span style=\"font-size:0.5em;color:rgba(78,78,78,1);\"> compl\u00e8tement d\u00e9sinfect\u00e9 et que des \u00e9quipements de protection individuelle (visi\u00e8re, masque<\/span><span style=\"font-size:0.5em;color:rgba(78,78,78,1);\"> FFP2<\/span><span style=\"font-size:0.5em;color:rgba(78,78,78,1);\"> <\/span><span style=\"font-size:0.5em;color:rgba(78,78,78,1);\">&amp; gants<\/span><span style=\"font-size:0.5em;color:rgba(78,78,78,1);\">) s<\/span><span style=\"font-size:0.5em;color:rgba(78,78,78,1);\">oien<\/span><span style=\"font-size:0.5em;color:rgba(78,78,78,1);\">t port\u00e9s pour chaque patient.<\/span><\/h2>\n<h2 style=\"margin:10px 0px 0px 0px;line-height:0.93em;\"><span><a href=\"https:\/\/handicap-optique.fr\/classes\" target=\"_self\" class=\"btn btn-md btn-default\" rel=\"noopener noreferrer\">Nos Services<\/a><\/span><\/h2>\n<\/div>\n<div class=\"margin_collapsetop\"><\/div>\n<div style=\"clear:both;width:0px;\"><\/div>\n<\/div>\n<\/div>\n<div class=\" visible-md-block d-md-block visible-sm-block d-sm-block visible-xs-block d-block\" style=\"clear: both;width:0px;\"><\/div>\n<div class=\"post_column col-xl-6 col-lg-6 col-md-12 col-sm-12 col-xs-12 col-12\">\n<div class=\"ttr_accueil_html_column11\">\n<div class=\"margin_collapsetop\"><\/div>\n<div class=\"html_content\">\n<p><span class=\"ttr_image\" style=\"float:Left;overflow:hidden;margin:0px 0px 0px 0px;\"><span><img decoding=\"async\" class=\"ttr_uniform\" style=\"max-height:379px;max-width:700px;margin:0px 0px 0px 0px;\" src=\"https:\/\/handicap-optique.fr\/wp-content\/uploads\/2020\/11\/PROTECTIONS.jpg\" alt=\"about\" \/><\/span><\/span><\/p>\n<\/div>\n<div class=\"margin_collapsetop\"><\/div>\n<div style=\"clear:both;width:0px;\"><\/div>\n<\/div>\n<\/div>\n<div class=\" visible-lg-block d-xl-block d-lg-block visible-md-block d-md-block visible-sm-block d-sm-block visible-xs-block d-block\" style=\"clear: both;width:0px;\"><\/div>\n<\/div>\n<div class=\"ttr_accueil_html_row2 row\" >\n<div class=\"post_column col-xl-12 col-lg-12 col-md-12 col-sm-12 col-xs-12 col-12\">\n<div class=\"ttr_accueil_html_column20\">\n<div class=\"margin_collapsetop\"><\/div>\n<div class=\"html_content\">\n<p style=\"margin:2px 0px 0px 0px;text-align:Center;line-height:1.57em;\"><span style=\"font-weight:700;font-size:2.571em;color:rgba(52,52,52,1);\">Actualit\u00e9<\/span><\/p>\n<p style=\"margin:10px 0px 0px 0px;text-align:Center;line-height:1.57em;\"><span style=\"font-size:1.071em;color:rgba(78,78,78,1);\">Second confinement : nos \u00e9quipes se tiennent \u00e0 votre disposition pour se d\u00e9placer \u00e0 votre domicile.<\/span><\/p>\n<\/div>\n<div class=\"margin_collapsetop\"><\/div>\n<div style=\"clear:both;width:0px;\"><\/div>\n<\/div>\n<\/div>\n<div class=\" visible-lg-block d-xl-block d-lg-block visible-md-block d-md-block visible-sm-block d-sm-block visible-xs-block d-block\" style=\"clear: both;width:0px;\"><\/div>\n<div class=\"post_column col-xl-4 col-lg-4 col-md-6 col-sm-12 col-xs-12 col-12\">\n<div class=\"ttr_accueil_html_column21\">\n<div class=\"margin_collapsetop\"><\/div>\n<div class=\"html_content\">\n<p style=\"margin:2px 0px 0px 0px;line-height:1.57em;\"><span class=\"ttr_image\" style=\"float:Left;overflow:hidden;margin:0px 0px 0px 0px;\"><span><img decoding=\"async\" class=\"ttr_uniform\" style=\"max-height:300px;max-width:450px;margin:0px 0px 20px 0px;\" src=\"https:\/\/handicap-optique.fr\/wp-content\/uploads\/2020\/11\/OPTICIEN-EHPAD.jpg\" alt=\"Ehpadd\" \/><\/span><\/span><span style=\"font-weight:700;font-size:1.429em;\">EHPAD:<\/span><\/p>\n<p style=\"margin:10px 0px 0px 0px;line-height:2.11em;\"><span style=\"font-size:1.071em;color:rgba(52,52,52,1);\">Pour respecter les nouvelles directives du second confinement, notre \u00e9quipe contact avant toute visite l&rsquo;EHPAD o\u00f9 vous s\u00e9journez pour conna\u00eetre les conditions et possibilit\u00e9s de visite.<\/span><br style=\"font-size:1.071em;color:rgba(52,52,52,1);\" \/><\/p>\n<\/div>\n<div class=\"margin_collapsetop\"><\/div>\n<div style=\"clear:both;width:0px;\"><\/div>\n<\/div>\n<\/div>\n<div class=\" visible-sm-block d-sm-block visible-xs-block d-block\" style=\"clear: both;width:0px;\"><\/div>\n<div class=\"post_column col-xl-4 col-lg-4 col-md-6 col-sm-12 col-xs-12 col-12\">\n<div class=\"ttr_accueil_html_column22\">\n<div class=\"margin_collapsetop\"><\/div>\n<div class=\"html_content\">\n<p style=\"margin:2px 0px 0px 0px;line-height:1.57em;\"><span class=\"ttr_image\" style=\"float:Left;overflow:hidden;margin:0px 0px 0px 0px;\"><span><img decoding=\"async\" class=\"ttr_uniform\" style=\"max-height:300px;max-width:450px;margin:0px 0px 20px 0px;\" src=\"https:\/\/handicap-optique.fr\/wp-content\/uploads\/2020\/11\/opticien-rapide.jpg\" alt=\"t\u00e9l\u00e9phone\" \/><\/span><\/span><span style=\"font-weight:700;font-size:1.429em;\">Vous avez une Question:<\/span><\/p>\n<p style=\"margin:10px 0px 0px 0px;line-height:2.11em;\"><span style=\"font-size:1.071em;color:rgba(52,52,52,1);\">Pouvez-vous venir \u00e0 mon domicile? Quels sont les d\u00e9lais? <\/span><\/p>\n<p style=\"margin:10px 0px 0px 0px;line-height:2.11em;\"><span style=\"font-size:1.071em;color:rgba(52,52,52,1);\">Contactez nous.<\/span><\/p>\n<\/div>\n<div class=\"margin_collapsetop\"><\/div>\n<div style=\"clear:both;width:0px;\"><\/div>\n<\/div>\n<\/div>\n<div class=\" visible-md-block d-md-block visible-sm-block d-sm-block visible-xs-block d-block\" style=\"clear: both;width:0px;\"><\/div>\n<div class=\"post_column col-xl-4 col-lg-4 col-md-6 col-sm-12 col-xs-12 col-12\">\n<div class=\"ttr_accueil_html_column23\">\n<div class=\"margin_collapsetop\"><\/div>\n<div class=\"html_content\">\n<p style=\"margin:2px 0px 0px 0px;line-height:1.57em;\"><span class=\"ttr_image\" style=\"float:Left;overflow:hidden;margin:0px 0px 0px 0px;\"><span><img decoding=\"async\" class=\"ttr_uniform\" style=\"max-height:300px;max-width:450px;margin:0px 0px 20px 0px;\" src=\"https:\/\/handicap-optique.fr\/wp-content\/uploads\/2020\/11\/grossesse-sciatique-lunettes-opticien.jpg\" alt=\"grossesse sciatique opticien\" \/><\/span><\/span><span style=\"font-weight:700;font-size:1.429em;\">Autres cas:<\/span><\/p>\n<p style=\"margin:10px 0px 0px 0px;line-height:2.11em;\"><span style=\"font-size:1.071em;color:rgba(52,52,52,1);\">Vous ne pouvez pas vous d\u00e9placer, Vous \u00eates immobilis\u00e9 suite \u00e0 une blessure (sciatique&#8230; ) Vous \u00eates une personne fragile (enceinte, diab\u00e8tique, en surpoids&#8230; ). <\/span><\/p>\n<\/div>\n<div class=\"margin_collapsetop\"><\/div>\n<div style=\"clear:both;width:0px;\"><\/div>\n<\/div>\n<\/div>\n<div class=\" visible-lg-block d-xl-block d-lg-block visible-sm-block d-sm-block visible-xs-block d-block\" style=\"clear: both;width:0px;\"><\/div>\n<\/div>\n","protected":false},"excerpt":{"rendered":"<p>Optom\u00e9triste Vous avez des difficult\u00e9s \u00e0 vous d\u00e9placer? Et vous souhaitez faire controler votre vue? Notre Optom\u00e9triste vient chez vous &amp; \u00e9tabli votre Dossier Visuel Opticien Besoin de lunettes? Avec ou sans Ordonnance? Nous nous adaptons! Nous vous proposons plus &hellip;<\/p>\n<p><a href=\"https:\/\/handicap-optique.fr\/\">Continue Reading<span class=\"meta-nav\">&rarr;<\/span><\/a><\/p>\n","protected":false},"author":1,"featured_media":0,"parent":0,"menu_order":1,"comment_status":"closed","ping_status":"closed","template":"page-templates\/accueil_page.php","meta":{"footnotes":""},"class_list":["post-68","page","type-page","status-publish","hentry"],"_links":{"self":[{"href":"https:\/\/handicap-optique.fr\/index.php?rest_route=\/wp\/v2\/pages\/68","targetHints":{"allow":["GET"]}}],"collection":[{"href":"https:\/\/handicap-optique.fr\/index.php?rest_route=\/wp\/v2\/pages"}],"about":[{"href":"https:\/\/handicap-optique.fr\/index.php?rest_route=\/wp\/v2\/types\/page"}],"author":[{"embeddable":true,"href":"https:\/\/handicap-optique.fr\/index.php?rest_route=\/wp\/v2\/users\/1"}],"replies":[{"embeddable":true,"href":"https:\/\/handicap-optique.fr\/index.php?rest_route=%2Fwp%2Fv2%2Fcomments&post=68"}],"version-history":[{"count":0,"href":"https:\/\/handicap-optique.fr\/index.php?rest_route=\/wp\/v2\/pages\/68\/revisions"}],"wp:attachment":[{"href":"https:\/\/handicap-optique.fr\/index.php?rest_route=%2Fwp%2Fv2%2Fmedia&parent=68"}],"curies":[{"name":"wp","href":"https:\/\/api.w.org\/{rel}","templated":true}]}}