{"id":71,"date":"2020-11-08T11:16:04","date_gmt":"2020-11-08T10:16:04","guid":{"rendered":"https:\/\/handicap-optique.fr\/?page_id=71"},"modified":"2020-11-08T21:08:10","modified_gmt":"2020-11-08T20:08:10","slug":"contact","status":"publish","type":"page","link":"https:\/\/handicap-optique.fr\/?page_id=71","title":{"rendered":"Contact"},"content":{"rendered":"<div class=\"ttr_contact_html_row0 row\" >\n<div class=\"post_column col-xl-12 col-lg-12 col-md-12 col-sm-12 col-xs-12 col-12\">\n<div class=\"ttr_contact_html_column00\">\n<div class=\"margin_collapsetop\"><\/div>\n<div class=\"html_content\">\n<p style=\"margin:2px 0px 0px 0px;text-align:Center;line-height:1.57em;\"><span style=\"font-weight:700;font-size:2.571em;color:rgba(52,52,52,1);\">Contactez Nous<\/span><\/p>\n<p style=\"margin:2px 0px 0px 0px;text-align:Center;line-height:1.57em;\"><br style=\"font-weight:700;font-size:2.571em;color:rgba(52,52,52,1);\" \/><\/p>\n<p style=\"margin:2px 0px 0px 0px;text-align:Center;line-height:1.57em;\"><span class=\"ttr_image\" style=\"float:none;display:block;overflow:hidden;margin:0px 0px 0px 0px;\"><span><img decoding=\"async\" class=\"ttr_uniform\" style=\"max-height:42px;max-width:251px;margin:0px 0px 0px 0px;\" src=\"https:\/\/handicap-optique.fr\/wp-content\/uploads\/2020\/11\/telephone1.png\" alt=\"numero opticien\" \/><\/span><\/span><\/p>\n<p style=\"margin:10px 0px 0px 0px;text-align:Center;line-height:1.57em;\"><span style=\"font-size:1.071em;color:rgba(78,78,78,1);\">Par T\u00e9l\u00e9phone du Lundi au Samedi de 10h \u00e0 19h, prenez directement contact avec un Opticien.<\/span><\/p>\n<\/div>\n<div class=\"margin_collapsetop\"><\/div>\n<div style=\"clear:both;width:0px;\"><\/div>\n<\/div>\n<\/div>\n<div class=\" visible-lg-block d-xl-block d-lg-block visible-md-block d-md-block visible-sm-block d-sm-block visible-xs-block d-block\" style=\"clear: both;width:0px;\"><\/div>\n<div class=\"post_column col-xl-5 col-lg-5 col-md-5 col-sm-12 col-xs-12 col-12\">\n<div class=\"ttr_contact_html_column01\">\n<div class=\"margin_collapsetop\"><\/div>\n<div class=\"html_content\">\n<p style=\"margin:2px 0px 0px 0px;\"><span style=\"font-weight:600;font-size:1.714em;\">En Magasin<\/span><span style=\"font-weight:600;font-size:1.714em;\">:<\/span><\/p>\n<p style=\"margin:20px 0px 0px 0px;\"><span style=\"font-size:1em;\">2 Avenue de Grasse<\/span><\/p>\n<p style=\"margin:2px 0px 0px 0px;\"><span style=\"font-size:1em;\">CANNES<\/span><\/p>\n<p style=\"margin:2px 0px 0px 0px;\"><span style=\"font-size:1em;\">Provences Alpes C\u00f4te d&rsquo;Azur<\/span><\/p>\n<p style=\"margin:2px 0px 0px 0px;\"><span style=\"font-weight:700;font-size:1em;\">TELE<\/span><span style=\"font-weight:700;font-size:1em;\">PHONE<\/span><span style=\"font-weight:700;font-size:1em;\">: 04 93 99 81 78<\/span><\/p>\n<p style=\"margin:2px 0px 0px 0px;\"><span style=\"font-weight:700;font-size:1em;\">Horaires<\/span><span style=\"font-weight:700;font-size:1em;\">:<\/span><span style=\"font-size:1em;\"> <\/span><span style=\"font-size:1em;\">Lundi-Samedi 10h &#8211; 19h<\/span><\/p>\n<\/div>\n<div class=\"margin_collapsetop\"><\/div>\n<div style=\"clear:both;width:0px;\"><\/div>\n<\/div>\n<\/div>\n<div class=\" visible-sm-block d-sm-block visible-xs-block d-block\" style=\"clear: both;width:0px;\"><\/div>\n<div class=\"post_column col-xl-7 col-lg-7 col-md-7 col-sm-12 col-xs-12 col-12\">\n<div class=\"ttr_contact_html_column02\">\n<div class=\"margin_collapsetop\"><\/div>\n<div class=\"html_content\">\n<p><span style=\"font-weight:600;font-size:1.714em;\">Partenariat, renseignement?<\/span><\/p>\n<div style=\"width:100%;\" xmlns=\"contactformparentdiv\">\n<div class=\"contactformdiv\" style=\"margin:0px 0px 0px 0px;\"><div role=\"form\" class=\"wpcf7\" id=\"wpcf7-f70-o1\" lang=\"en-US\" dir=\"ltr\">\n<div class=\"screen-reader-response\"><p role=\"status\" aria-live=\"polite\" aria-atomic=\"true\"><\/p> <ul><\/ul><\/div>\n<form action=\"\/index.php?rest_route=%2Fwp%2Fv2%2Fpages%2F71#wpcf7-f70-o1\" method=\"post\" class=\"wpcf7-form init form-horizontal\" novalidate=\"novalidate\" data-status=\"init\">\n<div style=\"display: none;\">\n<input type=\"hidden\" name=\"_wpcf7\" value=\"70\" \/>\n<input type=\"hidden\" name=\"_wpcf7_version\" value=\"5.3\" \/>\n<input type=\"hidden\" name=\"_wpcf7_locale\" value=\"en_US\" \/>\n<input type=\"hidden\" name=\"_wpcf7_unit_tag\" value=\"wpcf7-f70-o1\" \/>\n<input type=\"hidden\" name=\"_wpcf7_container_post\" value=\"0\" \/>\n<input type=\"hidden\" name=\"_wpcf7_posted_data_hash\" value=\"\" \/>\n<\/div>\n<div class=\"form-group row\"> <label class=\"col-md-4 control-label\"> Nom<\/label>\n<div class=\"col-md-8\"> <span class=\"wpcf7-form-control-wrap text-101\"><input type=\"text\" name=\"text-101\" value=\"\" size=\"40\" class=\"wpcf7-form-control wpcf7-text form-control\" aria-invalid=\"false\" \/><\/span> <\/div>\n<\/div>\n<div class=\"form-group row\"> <label class=\"col-md-4 control-label\"> Email (requis) <\/label>\n<div class=\"col-md-8\"> <span class=\"wpcf7-form-control-wrap text-102\"><input type=\"email\" name=\"text-102\" value=\"\" size=\"40\" class=\"wpcf7-form-control wpcf7-text wpcf7-email wpcf7-validates-as-required wpcf7-validates-as-email form-control\" aria-required=\"true\" aria-invalid=\"false\" \/><\/span> <\/div>\n<\/div>\n<div class=\"form-group row\"> <label class=\"col-md-4 control-label\"> Titre<\/label>\n<div class=\"col-md-8\"> <span class=\"wpcf7-form-control-wrap text-103\"><input type=\"text\" name=\"text-103\" value=\"\" size=\"40\" class=\"wpcf7-form-control wpcf7-text form-control\" aria-invalid=\"false\" \/><\/span> <\/div>\n<\/div>\n<div class=\"form-group row\"><label class=\"col-md-4 control-label\"> Message<\/label>\n<div class=\"col-md-8\"> <span class=\"wpcf7-form-control-wrap your-message\"><textarea name=\"your-message\" cols=\"40\" rows=\"4\" class=\"wpcf7-form-control wpcf7-textarea wpcf7-validates-as-required form-control\" aria-required=\"true\" aria-invalid=\"false\"><\/textarea><\/span> <\/div>\n<\/div>\n<div class=\"form-group row\">\n<div class=\"col-md-8 col-md-offset-4 offset-md-4 \"><input type=\"submit\" value=\"Send Message\" class=\"wpcf7-form-control wpcf7-submit\" id=\"submitform\" \/><\/div>\n<\/div>\n<div class=\"wpcf7-response-output\" aria-hidden=\"true\"><\/div><\/form><\/div><\/div>\n<\/div>\n<\/div>\n<div class=\"margin_collapsetop\"><\/div>\n<div style=\"clear:both;width:0px;\"><\/div>\n<\/div>\n<\/div>\n<div class=\" visible-lg-block d-xl-block d-lg-block visible-md-block d-md-block visible-sm-block d-sm-block visible-xs-block d-block\" style=\"clear: both;width:0px;\"><\/div>\n<\/div>\n","protected":false},"excerpt":{"rendered":"<p>Contactez Nous Par T\u00e9l\u00e9phone du Lundi au Samedi de 10h \u00e0 19h, prenez directement contact avec un Opticien. En Magasin: 2 Avenue de Grasse CANNES Provences Alpes C\u00f4te d&rsquo;Azur TELEPHONE: 04 93 99 81 78 Horaires: Lundi-Samedi 10h &#8211; 19h &hellip;<\/p>\n<p><a href=\"https:\/\/handicap-optique.fr\/?page_id=71\">Continue Reading<span class=\"meta-nav\">&rarr;<\/span><\/a><\/p>\n","protected":false},"author":1,"featured_media":0,"parent":0,"menu_order":3,"comment_status":"closed","ping_status":"closed","template":"page-templates\/contact_page.php","meta":{"footnotes":""},"class_list":["post-71","page","type-page","status-publish","hentry"],"_links":{"self":[{"href":"https:\/\/handicap-optique.fr\/index.php?rest_route=\/wp\/v2\/pages\/71","targetHints":{"allow":["GET"]}}],"collection":[{"href":"https:\/\/handicap-optique.fr\/index.php?rest_route=\/wp\/v2\/pages"}],"about":[{"href":"https:\/\/handicap-optique.fr\/index.php?rest_route=\/wp\/v2\/types\/page"}],"author":[{"embeddable":true,"href":"https:\/\/handicap-optique.fr\/index.php?rest_route=\/wp\/v2\/users\/1"}],"replies":[{"embeddable":true,"href":"https:\/\/handicap-optique.fr\/index.php?rest_route=%2Fwp%2Fv2%2Fcomments&post=71"}],"version-history":[{"count":0,"href":"https:\/\/handicap-optique.fr\/index.php?rest_route=\/wp\/v2\/pages\/71\/revisions"}],"wp:attachment":[{"href":"https:\/\/handicap-optique.fr\/index.php?rest_route=%2Fwp%2Fv2%2Fmedia&parent=71"}],"curies":[{"name":"wp","href":"https:\/\/api.w.org\/{rel}","templated":true}]}}