{"id":72,"date":"2020-11-08T11:16:04","date_gmt":"2020-11-08T10:16:04","guid":{"rendered":"https:\/\/handicap-optique.fr\/?page_id=72"},"modified":"2020-11-08T21:08:10","modified_gmt":"2020-11-08T20:08:10","slug":"nos-services","status":"publish","type":"page","link":"https:\/\/handicap-optique.fr\/?page_id=72","title":{"rendered":"Nos Services"},"content":{"rendered":"<div class=\"ttr_Nos-Services_html_row0 row\" >\n<div class=\"post_column col-xl-12 col-lg-12 col-md-12 col-sm-12 col-xs-12 col-12\">\n<div class=\"ttr_Nos-Services_html_column00\">\n<div class=\"margin_collapsetop\"><\/div>\n<div class=\"html_content\">\n<p style=\"margin:2px 0px 0px 0px;text-align:Center;line-height:1.57em;\"><span style=\"font-weight:700;font-size:2.571em;color:rgba(52,52,52,1);\">Nos Services en 6 Etapes<\/span><\/p>\n<p style=\"margin:10px 0px 0px 0px;text-align:Center;line-height:1.57em;\"><span style=\"font-size:1.071em;color:rgba(78,78,78,1);\">Notre \u00e9quipe est fi\u00e8re de vous offrir depuis plus de 11 ans, des prestations compl\u00e8tes du contr\u00f4le de la vue, \u00e0 la livraison de vos lunettes, sans vous d\u00e9placer.<\/span><\/p>\n<\/div>\n<div class=\"margin_collapsetop\"><\/div>\n<div style=\"clear:both;width:0px;\"><\/div>\n<\/div>\n<\/div>\n<div class=\" visible-lg-block d-xl-block d-lg-block visible-md-block d-md-block visible-sm-block d-sm-block visible-xs-block d-block\" style=\"clear: both;width:0px;\"><\/div>\n<div class=\"post_column col-xl-4 col-lg-4 col-md-6 col-sm-12 col-xs-12 col-12\">\n<div class=\"ttr_Nos-Services_html_column01\">\n<div class=\"margin_collapsetop\"><\/div>\n<div class=\"html_content\">\n<p style=\"margin:2px 0px 0px 0px;text-align:Center;line-height:1.57em;\"><span class=\"ttr_image\" style=\"float:none;display:block;overflow:hidden;margin:0px 0px 0px 0px;\"><span><img decoding=\"async\" class=\"ttr_uniform\" style=\"max-height:62px;max-width:62px;margin:0px 0px 20px 0px;\" src=\"https:\/\/handicap-optique.fr\/wp-content\/uploads\/2020\/11\/rendezvous.png\" alt=\"rendez vous\" \/><\/span><\/span><span style=\"font-weight:700;font-size:1.429em;color:rgba(52,52,52,1);\">1. Premier Contact<\/span><\/p>\n<p style=\"margin:10px 0px 0px 0px;text-align:Center;line-height:2.11em;\"><span style=\"font-size:1.071em;color:rgba(78,78,78,1);\">D\u00e8s votre appel, vous \u00eates directement &amp; gratuitement pris en charge par un Opticien qui r\u00e9pondra \u00e0 vos questions.<\/span><\/p>\n<\/div>\n<div class=\"margin_collapsetop\"><\/div>\n<div style=\"clear:both;width:0px;\"><\/div>\n<\/div>\n<\/div>\n<div class=\" visible-sm-block d-sm-block visible-xs-block d-block\" style=\"clear: both;width:0px;\"><\/div>\n<div class=\"post_column col-xl-4 col-lg-4 col-md-6 col-sm-12 col-xs-12 col-12\">\n<div class=\"ttr_Nos-Services_html_column02\">\n<div class=\"margin_collapsetop\"><\/div>\n<div class=\"html_content\">\n<p style=\"margin:2px 0px 0px 0px;text-align:Center;line-height:1.57em;\"><span class=\"ttr_image\" style=\"float:none;display:block;overflow:hidden;margin:0px 0px 0px 0px;\"><span><img decoding=\"async\" class=\"ttr_uniform\" style=\"max-height:62px;max-width:62px;margin:0px 0px 20px 0px;\" src=\"https:\/\/handicap-optique.fr\/wp-content\/uploads\/2020\/11\/domicile-handicap.png\" alt=\"drawing classes\" \/><\/span><\/span><span style=\"font-weight:700;font-size:1.429em;color:rgba(52,52,52,1);\">2. Rendez-vous \u00e0 Domicile<\/span><\/p>\n<p style=\"margin:10px 0px 0px 0px;text-align:Center;line-height:2.11em;\"><span style=\"font-size:1.071em;color:rgba(78,78,78,1);\">Un Optom\u00e9triste ou\/et un Opticien selon le besoin, vient \u00e0 Domicile (Toujours \u00e9quip\u00e9 d&rsquo;un masque FFP2, Visi\u00e8re &amp; Gants)<\/span><\/p>\n<\/div>\n<div class=\"margin_collapsetop\"><\/div>\n<div style=\"clear:both;width:0px;\"><\/div>\n<\/div>\n<\/div>\n<div class=\" visible-md-block d-md-block visible-sm-block d-sm-block visible-xs-block d-block\" style=\"clear: both;width:0px;\"><\/div>\n<div class=\"post_column col-xl-4 col-lg-4 col-md-6 col-sm-12 col-xs-12 col-12\">\n<div class=\"ttr_Nos-Services_html_column03\">\n<div class=\"margin_collapsetop\"><\/div>\n<div class=\"html_content\">\n<p style=\"margin:2px 0px 0px 0px;text-align:Center;line-height:1.57em;\"><span class=\"ttr_image\" style=\"float:none;display:block;overflow:hidden;margin:0px 0px 0px 0px;\"><span><img decoding=\"async\" class=\"ttr_uniform\" style=\"max-height:62px;max-width:62px;margin:0px 0px 20px 0px;\" src=\"https:\/\/handicap-optique.fr\/wp-content\/uploads\/2020\/11\/optometriste.png\" alt=\"yoga classes\" \/><\/span><\/span><span style=\"font-weight:700;font-size:1.429em;color:rgba(52,52,52,1);\">3. Contr\u00f4le de la Vue<\/span><\/p>\n<p style=\"margin:10px 0px 0px 0px;text-align:Center;line-height:2.11em;\"><span style=\"font-size:1.071em;color:rgba(78,78,78,1);\">Avec ou sans Ordonnance, un Optom\u00e9triste contr\u00f4le votre vue &amp; dresse votre Dossier Optique Visuel.<\/span><\/p>\n<\/div>\n<div class=\"margin_collapsetop\"><\/div>\n<div style=\"clear:both;width:0px;\"><\/div>\n<\/div>\n<\/div>\n<div class=\" visible-lg-block d-xl-block d-lg-block visible-sm-block d-sm-block visible-xs-block d-block\" style=\"clear: both;width:0px;\"><\/div>\n<div class=\"post_column col-xl-4 col-lg-4 col-md-6 col-sm-12 col-xs-12 col-12\">\n<div class=\"ttr_Nos-Services_html_column04\">\n<div class=\"margin_collapsetop\"><\/div>\n<div class=\"html_content\">\n<p style=\"margin:2px 0px 0px 0px;text-align:Center;line-height:1.57em;\"><span class=\"ttr_image\" style=\"float:none;display:block;overflow:hidden;margin:0px 0px 0px 0px;\"><span><img decoding=\"async\" class=\"ttr_uniform\" style=\"max-height:62px;max-width:62px;margin:0px 0px 20px 0px;\" src=\"https:\/\/handicap-optique.fr\/wp-content\/uploads\/2020\/11\/choix.png\" alt=\"music classes\" \/><\/span><\/span><span style=\"font-weight:700;font-size:1.429em;color:rgba(52,52,52,1);\">4. Choix des Lunettes<\/span><\/p>\n<p style=\"margin:10px 0px 0px 0px;text-align:Center;line-height:2.11em;\"><span style=\"font-size:1.071em;color:rgba(78,78,78,1);\">Un Opticien peut vous proposer chez vous, des montures parmi un choix pr\u00e9-selectionn\u00e9 dans notre Magasin, ainsi que les verres ad\u00e9quates.<\/span><\/p>\n<\/div>\n<div class=\"margin_collapsetop\"><\/div>\n<div style=\"clear:both;width:0px;\"><\/div>\n<\/div>\n<\/div>\n<div class=\" visible-md-block d-md-block visible-sm-block d-sm-block visible-xs-block d-block\" style=\"clear: both;width:0px;\"><\/div>\n<div class=\"post_column col-xl-4 col-lg-4 col-md-6 col-sm-12 col-xs-12 col-12\">\n<div class=\"ttr_Nos-Services_html_column05\">\n<div class=\"margin_collapsetop\"><\/div>\n<div class=\"html_content\">\n<p style=\"margin:2px 0px 0px 0px;text-align:Center;line-height:1.57em;\"><span class=\"ttr_image\" style=\"float:none;display:block;overflow:hidden;margin:0px 0px 0px 0px;\"><span><img decoding=\"async\" class=\"ttr_uniform\" style=\"max-height:62px;max-width:62px;margin:0px 0px 20px 0px;\" src=\"https:\/\/handicap-optique.fr\/wp-content\/uploads\/2020\/11\/livraison.png\" alt=\"computer classes\" \/><\/span><\/span><span style=\"font-weight:700;font-size:1.429em;color:rgba(52,52,52,1);\">5. Livraison des Lunettes<\/span><\/p>\n<p style=\"margin:10px 0px 0px 0px;text-align:Center;line-height:2.11em;\"><span style=\"font-size:1.071em;color:rgba(78,78,78,1);\">Nous disposons de notre propre Atelier de montage Optique \u00e0 Cannes, dot\u00e9 de machines ESSILOR. En quelques jours, un Opticien vous livre vos lunettes.<\/span><\/p>\n<\/div>\n<div class=\"margin_collapsetop\"><\/div>\n<div style=\"clear:both;width:0px;\"><\/div>\n<\/div>\n<\/div>\n<div class=\" visible-sm-block d-sm-block visible-xs-block d-block\" style=\"clear: both;width:0px;\"><\/div>\n<div class=\"post_column col-xl-4 col-lg-4 col-md-6 col-sm-12 col-xs-12 col-12\">\n<div class=\"ttr_Nos-Services_html_column06\">\n<div class=\"margin_collapsetop\"><\/div>\n<div class=\"html_content\">\n<p style=\"margin:2px 0px 0px 0px;text-align:Center;line-height:1.57em;\"><span class=\"ttr_image\" style=\"float:none;display:block;overflow:hidden;margin:0px 0px 0px 0px;\"><span><img decoding=\"async\" class=\"ttr_uniform\" style=\"max-height:62px;max-width:62px;margin:0px 0px 20px 0px;\" src=\"https:\/\/handicap-optique.fr\/wp-content\/uploads\/2020\/11\/dossier.png\" alt=\"health tips\" \/><\/span><\/span><span style=\"font-weight:700;font-size:1.429em;color:rgba(52,52,52,1);\">6. Papiers Administratifs<\/span><\/p>\n<p style=\"margin:10px 0px 0px 0px;text-align:Center;line-height:2.11em;\"><span style=\"font-size:1.071em;color:rgba(78,78,78,1);\">Si n\u00e9cessaire, et selon le cas, notre \u00e9quipe s&rsquo;occupe de tous les papiers administratifs pour la s\u00e9curit\u00e9 sociale &amp; votre mutuelle.<\/span><\/p>\n<\/div>\n<div class=\"margin_collapsetop\"><\/div>\n<div style=\"clear:both;width:0px;\"><\/div>\n<\/div>\n<\/div>\n<div class=\" visible-lg-block d-xl-block d-lg-block visible-md-block d-md-block visible-sm-block d-sm-block visible-xs-block d-block\" style=\"clear: both;width:0px;\"><\/div>\n<\/div>\n","protected":false},"excerpt":{"rendered":"<p>Nos Services en 6 Etapes Notre \u00e9quipe est fi\u00e8re de vous offrir depuis plus de 11 ans, des prestations compl\u00e8tes du contr\u00f4le de la vue, \u00e0 la livraison de vos lunettes, sans vous d\u00e9placer. 1. Premier Contact D\u00e8s votre appel, &hellip;<\/p>\n<p><a href=\"https:\/\/handicap-optique.fr\/?page_id=72\">Continue Reading<span class=\"meta-nav\">&rarr;<\/span><\/a><\/p>\n","protected":false},"author":1,"featured_media":0,"parent":0,"menu_order":4,"comment_status":"closed","ping_status":"closed","template":"page-templates\/Nos-Services_page.php","meta":{"footnotes":""},"class_list":["post-72","page","type-page","status-publish","hentry"],"_links":{"self":[{"href":"https:\/\/handicap-optique.fr\/index.php?rest_route=\/wp\/v2\/pages\/72","targetHints":{"allow":["GET"]}}],"collection":[{"href":"https:\/\/handicap-optique.fr\/index.php?rest_route=\/wp\/v2\/pages"}],"about":[{"href":"https:\/\/handicap-optique.fr\/index.php?rest_route=\/wp\/v2\/types\/page"}],"author":[{"embeddable":true,"href":"https:\/\/handicap-optique.fr\/index.php?rest_route=\/wp\/v2\/users\/1"}],"replies":[{"embeddable":true,"href":"https:\/\/handicap-optique.fr\/index.php?rest_route=%2Fwp%2Fv2%2Fcomments&post=72"}],"version-history":[{"count":0,"href":"https:\/\/handicap-optique.fr\/index.php?rest_route=\/wp\/v2\/pages\/72\/revisions"}],"wp:attachment":[{"href":"https:\/\/handicap-optique.fr\/index.php?rest_route=%2Fwp%2Fv2%2Fmedia&parent=72"}],"curies":[{"name":"wp","href":"https:\/\/api.w.org\/{rel}","templated":true}]}}