{"id":73,"date":"2020-11-08T11:16:05","date_gmt":"2020-11-08T10:16:05","guid":{"rendered":"https:\/\/handicap-optique.fr\/?page_id=73"},"modified":"2020-11-08T21:08:10","modified_gmt":"2020-11-08T20:08:10","slug":"zone-couverte","status":"publish","type":"page","link":"https:\/\/handicap-optique.fr\/?page_id=73","title":{"rendered":"Zone Couverte"},"content":{"rendered":"<div class=\"ttr_zone-couverte_html_row0 row\" >\n<div class=\"post_column col-xl-12 col-lg-12 col-md-12 col-sm-12 col-xs-12 col-12\">\n<div class=\"ttr_zone-couverte_html_column00\">\n<div class=\"margin_collapsetop\"><\/div>\n<div class=\"html_content\">\n<p style=\"margin:2px 0px 0px 0px;text-align:Center;line-height:1.57em;\"><span style=\"font-weight:700;font-size:2.571em;color:rgba(52,52,52,1);\">Notre P\u00e9rim\u00e8tre d&rsquo;Action<\/span><\/p>\n<p style=\"margin:10px 0px 0px 0px;text-align:Center;line-height:1.57em;\"><span style=\"font-size:1.071em;color:rgba(78,78,78,1);\">Nos \u00e9quipes d&rsquo;Optom\u00e9tristes &amp; Opticiens se d\u00e9placent dans la quasi-totalit\u00e9 du 06, 83 et Monaco. Elles seront \u00e9quip\u00e9es, selon vos besoins, d&rsquo;un v\u00e9hicule adapt\u00e9 au transport d&rsquo;appareils de contr\u00f4les visuels, mais aussi d&rsquo;un grand choix de montures, d&rsquo;appareils de centrages, et de r\u00e9glages.<\/span><\/p>\n<\/div>\n<div class=\"margin_collapsetop\"><\/div>\n<div style=\"clear:both;width:0px;\"><\/div>\n<\/div>\n<\/div>\n<div class=\" visible-lg-block d-xl-block d-lg-block visible-md-block d-md-block visible-sm-block d-sm-block visible-xs-block d-block\" style=\"clear: both;width:0px;\"><\/div>\n<div class=\"post_column col-xl-6 col-lg-6 col-md-12 col-sm-12 col-xs-12 col-12\">\n<div class=\"ttr_zone-couverte_html_column01\">\n<div class=\"margin_collapsetop\"><\/div>\n<div class=\"html_content\">\n<p><span class=\"ttr_image\" style=\"float:Left;overflow:hidden;margin:0px 0px 0px 0px;\"><span><img decoding=\"async\" class=\"ttr_uniform\" style=\"max-height:488px;max-width:745px;margin:0px 0px 0px 0px;\" src=\"https:\/\/handicap-optique.fr\/wp-content\/uploads\/2020\/11\/zone-daction.jpg\" alt=\"gallery\" \/><\/span><\/span><\/p>\n<\/div>\n<div class=\"margin_collapsetop\"><\/div>\n<div style=\"clear:both;width:0px;\"><\/div>\n<\/div>\n<\/div>\n<div class=\" visible-md-block d-md-block visible-sm-block d-sm-block visible-xs-block d-block\" style=\"clear: both;width:0px;\"><\/div>\n<div class=\"post_column col-xl-6 col-lg-6 col-md-12 col-sm-12 col-xs-12 col-12\">\n<div class=\"ttr_zone-couverte_html_column02\">\n<div class=\"margin_collapsetop\"><\/div>\n<div class=\"html_content\">\n<p><span class=\"ttr_image\" style=\"float:Left;overflow:hidden;margin:0px 0px 0px 0px;\"><span><img decoding=\"async\" class=\"ttr_uniform\" style=\"max-height:488px;max-width:828px;margin:0px 0px 0px 0px;\" src=\"https:\/\/handicap-optique.fr\/wp-content\/uploads\/2020\/11\/opticien-domicile.jpg\" alt=\"gallery\" \/><\/span><\/span><\/p>\n<\/div>\n<div class=\"margin_collapsetop\"><\/div>\n<div style=\"clear:both;width:0px;\"><\/div>\n<\/div>\n<\/div>\n<div class=\" visible-lg-block d-xl-block d-lg-block visible-md-block d-md-block visible-sm-block d-sm-block visible-xs-block d-block\" style=\"clear: both;width:0px;\"><\/div>\n<div class=\"post_column col-xl-6 col-lg-6 col-md-12 col-sm-12 col-xs-12 col-12\">\n<div class=\"ttr_zone-couverte_html_column03\">\n<div class=\"margin_collapsetop\"><\/div>\n<div class=\"html_content\">\n<p><span class=\"ttr_image\" style=\"float:Left;overflow:hidden;margin:0px 0px 0px 0px;\"><span><img decoding=\"async\" class=\"ttr_uniform\" style=\"max-height:488px;max-width:828px;margin:0px 0px 0px 0px;\" src=\"https:\/\/handicap-optique.fr\/wp-content\/uploads\/2020\/11\/controle-visuel-domicile.jpg\" alt=\"gallery\" \/><\/span><\/span><\/p>\n<\/div>\n<div class=\"margin_collapsetop\"><\/div>\n<div style=\"clear:both;width:0px;\"><\/div>\n<\/div>\n<\/div>\n<div class=\" visible-md-block d-md-block visible-sm-block d-sm-block visible-xs-block d-block\" style=\"clear: both;width:0px;\"><\/div>\n<div class=\"post_column col-xl-6 col-lg-6 col-md-12 col-sm-12 col-xs-12 col-12\">\n<div class=\"ttr_zone-couverte_html_column04\">\n<div class=\"margin_collapsetop\"><\/div>\n<div class=\"html_content\">\n<p><span class=\"ttr_image\" style=\"float:Left;overflow:hidden;margin:0px 0px 0px 0px;\"><span><img decoding=\"async\" class=\"ttr_uniform\" style=\"max-height:488px;max-width:828px;margin:0px 0px 0px 0px;\" src=\"https:\/\/handicap-optique.fr\/wp-content\/uploads\/2020\/11\/opticien-en-magasin.jpg\" alt=\"galerry\" \/><\/span><\/span><\/p>\n<\/div>\n<div class=\"margin_collapsetop\"><\/div>\n<div style=\"clear:both;width:0px;\"><\/div>\n<\/div>\n<\/div>\n<div class=\" visible-lg-block d-xl-block d-lg-block visible-md-block d-md-block visible-sm-block d-sm-block visible-xs-block d-block\" style=\"clear: both;width:0px;\"><\/div>\n<div class=\"post_column col-xl-6 col-lg-6 col-md-12 col-sm-12 col-xs-12 col-12\">\n<div class=\"ttr_zone-couverte_html_column05\">\n<div class=\"margin_collapsetop\"><\/div>\n<div class=\"html_content\">\n<p><span class=\"ttr_image\" style=\"float:Left;overflow:hidden;margin:0px 0px 0px 0px;\"><span><img decoding=\"async\" class=\"ttr_uniform\" style=\"max-height:488px;max-width:828px;margin:0px 0px 0px 0px;\" src=\"https:\/\/handicap-optique.fr\/wp-content\/uploads\/2020\/11\/mutuelle-optique.jpg\" alt=\"gallery\" \/><\/span><\/span><\/p>\n<\/div>\n<div class=\"margin_collapsetop\"><\/div>\n<div style=\"clear:both;width:0px;\"><\/div>\n<\/div>\n<\/div>\n<div class=\" visible-md-block d-md-block visible-sm-block d-sm-block visible-xs-block d-block\" style=\"clear: both;width:0px;\"><\/div>\n<div class=\"post_column col-xl-6 col-lg-6 col-md-12 col-sm-12 col-xs-12 col-12\">\n<div class=\"ttr_zone-couverte_html_column06\">\n<div class=\"margin_collapsetop\"><\/div>\n<div class=\"html_content\">\n<p><span class=\"ttr_image\" style=\"float:Left;overflow:hidden;margin:0px 0px 0px 0px;\"><span><img decoding=\"async\" class=\"ttr_uniform\" style=\"max-height:488px;max-width:828px;margin:0px 0px 0px 0px;\" src=\"https:\/\/handicap-optique.fr\/wp-content\/uploads\/2020\/11\/opticiens-domicile.jpg\" alt=\"gallery\" \/><\/span><\/span><\/p>\n<\/div>\n<div class=\"margin_collapsetop\"><\/div>\n<div style=\"clear:both;width:0px;\"><\/div>\n<\/div>\n<\/div>\n<div class=\" visible-lg-block d-xl-block d-lg-block visible-md-block d-md-block visible-sm-block d-sm-block visible-xs-block d-block\" style=\"clear: both;width:0px;\"><\/div>\n<\/div>\n","protected":false},"excerpt":{"rendered":"<p>Notre P\u00e9rim\u00e8tre d&rsquo;Action Nos \u00e9quipes d&rsquo;Optom\u00e9tristes &amp; Opticiens se d\u00e9placent dans la quasi-totalit\u00e9 du 06, 83 et Monaco. Elles seront \u00e9quip\u00e9es, selon vos besoins, d&rsquo;un v\u00e9hicule adapt\u00e9 au transport d&rsquo;appareils de contr\u00f4les visuels, mais aussi d&rsquo;un grand choix de montures, &hellip;<\/p>\n<p><a href=\"https:\/\/handicap-optique.fr\/?page_id=73\">Continue Reading<span class=\"meta-nav\">&rarr;<\/span><\/a><\/p>\n","protected":false},"author":1,"featured_media":0,"parent":0,"menu_order":5,"comment_status":"closed","ping_status":"closed","template":"page-templates\/zone-couverte_page.php","meta":{"footnotes":""},"class_list":["post-73","page","type-page","status-publish","hentry"],"_links":{"self":[{"href":"https:\/\/handicap-optique.fr\/index.php?rest_route=\/wp\/v2\/pages\/73","targetHints":{"allow":["GET"]}}],"collection":[{"href":"https:\/\/handicap-optique.fr\/index.php?rest_route=\/wp\/v2\/pages"}],"about":[{"href":"https:\/\/handicap-optique.fr\/index.php?rest_route=\/wp\/v2\/types\/page"}],"author":[{"embeddable":true,"href":"https:\/\/handicap-optique.fr\/index.php?rest_route=\/wp\/v2\/users\/1"}],"replies":[{"embeddable":true,"href":"https:\/\/handicap-optique.fr\/index.php?rest_route=%2Fwp%2Fv2%2Fcomments&post=73"}],"version-history":[{"count":0,"href":"https:\/\/handicap-optique.fr\/index.php?rest_route=\/wp\/v2\/pages\/73\/revisions"}],"wp:attachment":[{"href":"https:\/\/handicap-optique.fr\/index.php?rest_route=%2Fwp%2Fv2%2Fmedia&parent=73"}],"curies":[{"name":"wp","href":"https:\/\/api.w.org\/{rel}","templated":true}]}}